{"id":3186,"date":"2020-02-26T08:43:30","date_gmt":"2020-02-26T08:43:30","guid":{"rendered":"https:\/\/www.demoapus-wp1.com\/homeo\/?page_id=3"},"modified":"2026-04-07T10:58:58","modified_gmt":"2026-04-07T10:58:58","slug":"mentions-legales","status":"publish","type":"page","link":"https:\/\/sci4k.com\/?page_id=3186","title":{"rendered":"Mentions L\u00e9gales"},"content":{"rendered":"\n<h4 class=\"wp-block-heading\"><strong>\u00c9diteur du site<\/strong><\/h4>\n\n\n\n<p>Le site SCI 4K est \u00e9dit\u00e9 par : SCI 4K<br>Forme juridique : Soci\u00e9t\u00e9 Civile Immobili\u00e8re (SCI)<br>Si\u00e8ge social : Cocody Cit\u00e9 des arts 166 logements<br>T\u00e9l\u00e9phone : +225 07 06 16 50 29 \/ 07 15 94 86 91<br>Email : <a href=\"mailto:sci4k@sci4k.com\">sci4k@sci4k.com<\/a><\/p>\n\n\n\n<h4 class=\"wp-block-heading\"><strong>2. Directeur de la publication<\/strong><\/h4>\n\n\n\n<p>Le directeur de la publication du site est : Monsieur Tiemoko Max Regis<\/p>\n\n\n\n<h4 class=\"wp-block-heading\"><strong>3. H\u00e9bergement<\/strong> <\/h4>\n\n\n\n<p>OVH<br>SAS au capital de 10 069 020 \u20ac<br>RCS Lille M\u00e9tropole 424 761 419 00045<br>Code APE 2620Z<br>N\u00b0 TVA : FR 22 424 761 419<br>Si\u00e8ge social : 2 rue Kellermann &#8211; 59100 Roubaix &#8211; France<\/p>\n\n\n\n<h4 class=\"wp-block-heading\"><strong>4. Propri\u00e9t\u00e9 intellectuelle<\/strong><\/h4>\n\n\n\n<p>L\u2019ensemble des contenus pr\u00e9sents sur ce site (textes, images, vid\u00e9os, logos, graphiques, etc.) est la propri\u00e9t\u00e9 exclusive de SCI 4K ou de ses partenaires et est prot\u00e9g\u00e9 par les lois ivoiriennes sur la propri\u00e9t\u00e9 intellectuelle.<\/p>\n\n\n\n<p>Toute reproduction, repr\u00e9sentation ou exploitation non autoris\u00e9e, totale ou partielle, des contenus est strictement interdite.<\/p>\n\n\n\n<h4 class=\"wp-block-heading\"><strong>5. Donn\u00e9es personnelles<\/strong><\/h4>\n\n\n\n<p>Pour la collecte et le traitement des donn\u00e9es personnelles, veuillez-vous r\u00e9f\u00e9rer \u00e0 la Politique de confidentialit\u00e9 du site.<\/p>\n\n\n\n<p>Conform\u00e9ment \u00e0 la loi n\u00b0 2013-450 du 19 juin 2013 sur la protection des donn\u00e9es \u00e0 caract\u00e8re personnel en C\u00f4te d\u2019Ivoire, vous disposez de droits d\u2019acc\u00e8s, de rectification, de suppression et d\u2019opposition.<\/p>\n\n\n\n<h4 class=\"wp-block-heading\"><strong>6. Responsabilit\u00e9<\/strong><\/h4>\n\n\n\n<p>SCI 4K met tout en \u0153uvre pour garantir l\u2019exactitude des informations publi\u00e9es sur le site.<\/p>\n\n\n\n<p>Cependant, l\u2019entreprise ne peut \u00eatre tenue responsable des dommages directs ou indirects li\u00e9s \u00e0 l\u2019utilisation du site, y compris en cas d\u2019interruption, d\u2019erreurs, de virus ou d\u2019incompatibilit\u00e9s techniques.<\/p>\n\n\n\n<h4 class=\"wp-block-heading\"><strong>7. Liens externes<\/strong><\/h4>\n\n\n\n<p>Le site peut contenir des liens vers d\u2019autres sites. SCI 4K n\u2019est pas responsable du contenu ou des pratiques de confidentialit\u00e9 de ces sites tiers.<\/p>\n\n\n\n<h4 class=\"wp-block-heading\"><strong>8. Loi applicable<\/strong><\/h4>\n\n\n\n<p>Les pr\u00e9sentes mentions l\u00e9gales sont r\u00e9gies par la l\u00e9gislation ivoirienne.<br>Tout litige relatif \u00e0 l\u2019utilisation du site sera soumis aux tribunaux comp\u00e9tents de C\u00f4te d\u2019Ivoire.<\/p>\n\n\n\n<h4 class=\"wp-block-heading\"><strong>9. Contact<\/strong><\/h4>\n\n\n\n<p>Pour toute question ou r\u00e9clamation relative aux pr\u00e9sentes mentions l\u00e9gales, vous pouvez contacter :<br>SCI 4K<br>Cocody Cit\u00e9 des arts 166 logements <a href=\"mailto:sci4k@sci4k.com\">sci4k@sci4k.com<\/a><br>+225 07 06 16 50 29 \/ 07 15 94 86 91<\/p>\n\n\n\n<h3 class=\"wp-block-heading\"><\/h3>\n\n\n\n<p><\/p>\n\n\n\n<p><\/p>\n","protected":false},"excerpt":{"rendered":"<p>\u00c9diteur du site Le site SCI 4K est \u00e9dit\u00e9 par : SCI 4KForme juridique : Soci\u00e9t\u00e9 Civile Immobili\u00e8re (SCI)Si\u00e8ge social : Cocody Cit\u00e9 des arts 166 logementsT\u00e9l\u00e9phone : +225 07 06 16 50 29 \/ 07 15 94 86 91Email : sci4k@sci4k.com 2. Directeur de la publication Le directeur de la publication du site est [&hellip;]<\/p>\n","protected":false},"author":1,"featured_media":0,"parent":0,"menu_order":0,"comment_status":"closed","ping_status":"closed","template":"","meta":{"footnotes":""},"class_list":["post-3186","page","type-page","status-publish","hentry"],"_links":{"self":[{"href":"https:\/\/sci4k.com\/index.php?rest_route=\/wp\/v2\/pages\/3186","targetHints":{"allow":["GET"]}}],"collection":[{"href":"https:\/\/sci4k.com\/index.php?rest_route=\/wp\/v2\/pages"}],"about":[{"href":"https:\/\/sci4k.com\/index.php?rest_route=\/wp\/v2\/types\/page"}],"author":[{"embeddable":true,"href":"https:\/\/sci4k.com\/index.php?rest_route=\/wp\/v2\/users\/1"}],"replies":[{"embeddable":true,"href":"https:\/\/sci4k.com\/index.php?rest_route=%2Fwp%2Fv2%2Fcomments&post=3186"}],"version-history":[{"count":6,"href":"https:\/\/sci4k.com\/index.php?rest_route=\/wp\/v2\/pages\/3186\/revisions"}],"predecessor-version":[{"id":4569,"href":"https:\/\/sci4k.com\/index.php?rest_route=\/wp\/v2\/pages\/3186\/revisions\/4569"}],"wp:attachment":[{"href":"https:\/\/sci4k.com\/index.php?rest_route=%2Fwp%2Fv2%2Fmedia&parent=3186"}],"curies":[{"name":"wp","href":"https:\/\/api.w.org\/{rel}","templated":true}]}}